{"id":1602,"date":"2018-05-22T16:49:26","date_gmt":"2018-05-22T14:49:26","guid":{"rendered":"https:\/\/konfliktberatung-freiburg.de\/disclaimer\/"},"modified":"2021-06-09T17:59:47","modified_gmt":"2021-06-09T15:59:47","slug":"disclaimer","status":"publish","type":"page","link":"https:\/\/konfliktberatung-freiburg.de\/en\/disclaimer\/","title":{"rendered":"Disclaimer"},"content":{"rendered":"\n<style type=\"text\/css\" data-created_by=\"avia_inline_auto\" id=\"style-css-av-ggvo2-d06653426e84f204f0ab40fd6a97d32c\">\n.flex_column.av-ggvo2-d06653426e84f204f0ab40fd6a97d32c{\nborder-radius:0px 0px 0px 0px;\npadding:0px 0px 0px 0px;\n}\n<\/style>\n<div  class='flex_column av-ggvo2-d06653426e84f204f0ab40fd6a97d32c av_one_full  avia-builder-el-0  avia-builder-el-no-sibling  first flex_column_div av-zero-column-padding  '     ><section  class='av_textblock_section av-964ka-0a52aaa5daa19e4170f8129805629f87 '   itemscope=\"itemscope\" itemtype=\"https:\/\/schema.org\/CreativeWork\" ><div class='avia_textblock'  itemprop=\"text\" ><h2>Disclaimer \u2013 rechtliche Hinweise<\/h2>\n<p><strong>1. Haftungsbeschr\u00e4nkung<\/strong><br \/>\nDie Inhalte des Internetauftritts wurden mit gr\u00f6\u00dftm\u00f6glicher Sorgfalt und nach bestem Gewissen erstellt. Dennoch \u00fcbernimmt der Anbieter dieser Webseite keine Gew\u00e4hr f\u00fcr die Aktualit\u00e4t, Vollst\u00e4ndigkeit und Richtigkeit der bereitgestellten Seiten und Inhalte.<\/p>\n<p>Als Diensteanbieter ist der Anbieter dieser Webseite gem\u00e4\u00df \u00a7 7 Abs. 1 TMG f\u00fcr eigene Inhalte und bereitgestellte Informationen auf diesen Seiten nach den allgemeinen Gesetzen verantwortlich; nach den \u00a7\u00a7 8 bis 10 TMG jedoch nicht verpflichtet, die \u00fcbermittelten oder gespeicherten fremden Informationen zu \u00fcberwachen. Eine Entfernung oder Sperrung dieser Inhalte erfolgt umgehend ab dem Zeitpunkt der Kenntnis einer konkreten Rechtsverletzung. Eine Haftung ist erst ab dem Zeitpunkt der Kenntniserlangung m\u00f6glich.<\/p>\n<p><strong>2. Externe Links<\/strong><br \/>\nDie Webseite enth\u00e4lt sog. \u201eexterne Links\u201c (Verlinkungen) zu anderen Webseiten, auf deren Inhalt der Anbieter der Webseite keinen Einfluss hat. Aus diesem Grund kann der Anbieter f\u00fcr diese Inhalte auch keine Gew\u00e4hr \u00fcbernehmen.<br \/>\nF\u00fcr die Inhalte und Richtigkeit der bereitgestellten Informationen ist der jeweilige Anbieter der verlinkten Webseite verantwortlich. Zum Zeitpunkt der Verlinkung waren keine Rechtsverst\u00f6\u00dfe erkennbar. Bei Bekanntwerden einer solchen Rechtsverletzung wird der Link umgehend entfernen.<\/p>\n<p><strong>3. Urheberrecht\/Leistungsschutzrecht<\/strong><br \/>\nDie auf dieser Webseite ver\u00f6ffentlichten Inhalte, Werke und bereitgestellten Informationen unterliegen dem deutschen Urheberrecht und Leistungsschutzrecht. Jede Art der Vervielf\u00e4ltigung, Bearbeitung, Verbreitung, Einspeicherung und jede Art der Verwertung au\u00dferhalb der Grenzen des Urheberrechts bedarf der vorherigen schriftlichen Zustimmung des jeweiligen Rechteinhabers. Das unerlaubte Kopieren\/Speichern der bereitgestellten Informationen auf diesen Webseiten ist nicht gestattet und strafbar.<\/p>\n<p><strong>Quelle<\/strong>: <a href=\"http:\/\/www.mustervorlage.net\/disclaimer-muster\/\">Muster Disclaimer<\/a><\/p>\n<\/div><\/section><\/div>\n","protected":false},"excerpt":{"rendered":"","protected":false},"author":1,"featured_media":0,"parent":0,"menu_order":0,"comment_status":"closed","ping_status":"closed","template":"","meta":{"footnotes":""},"class_list":["post-1602","page","type-page","status-publish","hentry"],"yoast_head":"<!-- This site is optimized with the Yoast SEO plugin v27.0 - https:\/\/yoast.com\/product\/yoast-seo-wordpress\/ -->\n<title>Disclaimer &#8226; Konfliktberatung Freiburg<\/title>\n<meta name=\"robots\" content=\"index, follow, max-snippet:-1, max-image-preview:large, max-video-preview:-1\" \/>\n<link rel=\"canonical\" href=\"https:\/\/konfliktberatung-freiburg.de\/en\/disclaimer\/\" \/>\n<meta property=\"og:locale\" content=\"en_US\" \/>\n<meta property=\"og:type\" content=\"article\" \/>\n<meta property=\"og:title\" content=\"Disclaimer &#8226; Konfliktberatung Freiburg\" \/>\n<meta property=\"og:url\" content=\"https:\/\/konfliktberatung-freiburg.de\/en\/disclaimer\/\" \/>\n<meta property=\"og:site_name\" content=\"Konfliktberatung Freiburg\" \/>\n<meta property=\"article:publisher\" content=\"https:\/\/www.facebook.com\/Konfliktberatung.Freiburg\/\" \/>\n<meta property=\"article:modified_time\" content=\"2021-06-09T15:59:47+00:00\" \/>\n<meta name=\"twitter:card\" content=\"summary_large_image\" \/>\n<meta name=\"twitter:label1\" content=\"Est. reading time\" \/>\n\t<meta name=\"twitter:data1\" content=\"2 minutes\" \/>\n<script type=\"application\/ld+json\" class=\"yoast-schema-graph\">{\"@context\":\"https:\/\/schema.org\",\"@graph\":[{\"@type\":\"WebPage\",\"@id\":\"https:\/\/konfliktberatung-freiburg.de\/en\/disclaimer\/\",\"url\":\"https:\/\/konfliktberatung-freiburg.de\/en\/disclaimer\/\",\"name\":\"Disclaimer &#8226; Konfliktberatung Freiburg\",\"isPartOf\":{\"@id\":\"https:\/\/konfliktberatung-freiburg.de\/en\/#website\"},\"datePublished\":\"2018-05-22T14:49:26+00:00\",\"dateModified\":\"2021-06-09T15:59:47+00:00\",\"breadcrumb\":{\"@id\":\"https:\/\/konfliktberatung-freiburg.de\/en\/disclaimer\/#breadcrumb\"},\"inLanguage\":\"en-US\",\"potentialAction\":[{\"@type\":\"ReadAction\",\"target\":[\"https:\/\/konfliktberatung-freiburg.de\/en\/disclaimer\/\"]}]},{\"@type\":\"BreadcrumbList\",\"@id\":\"https:\/\/konfliktberatung-freiburg.de\/en\/disclaimer\/#breadcrumb\",\"itemListElement\":[{\"@type\":\"ListItem\",\"position\":1,\"name\":\"Startseite\",\"item\":\"https:\/\/konfliktberatung-freiburg.de\/en\/\"},{\"@type\":\"ListItem\",\"position\":2,\"name\":\"Disclaimer\"}]},{\"@type\":\"WebSite\",\"@id\":\"https:\/\/konfliktberatung-freiburg.de\/en\/#website\",\"url\":\"https:\/\/konfliktberatung-freiburg.de\/en\/\",\"name\":\"Konfliktberatung Freiburg\",\"description\":\"Mediation f\u00fcr Freiburg und S\u00fcdbaden\",\"publisher\":{\"@id\":\"https:\/\/konfliktberatung-freiburg.de\/en\/#organization\"},\"potentialAction\":[{\"@type\":\"SearchAction\",\"target\":{\"@type\":\"EntryPoint\",\"urlTemplate\":\"https:\/\/konfliktberatung-freiburg.de\/en\/?s={search_term_string}\"},\"query-input\":{\"@type\":\"PropertyValueSpecification\",\"valueRequired\":true,\"valueName\":\"search_term_string\"}}],\"inLanguage\":\"en-US\"},{\"@type\":\"Organization\",\"@id\":\"https:\/\/konfliktberatung-freiburg.de\/en\/#organization\",\"name\":\"Siess & Knobloch GbR\",\"url\":\"https:\/\/konfliktberatung-freiburg.de\/en\/\",\"logo\":{\"@type\":\"ImageObject\",\"inLanguage\":\"en-US\",\"@id\":\"https:\/\/konfliktberatung-freiburg.de\/en\/#\/schema\/logo\/image\/\",\"url\":\"https:\/\/konfliktberatung-freiburg.de\/wp-content\/uploads\/2018\/05\/logo-konfliktberatung-freiburg.png\",\"contentUrl\":\"https:\/\/konfliktberatung-freiburg.de\/wp-content\/uploads\/2018\/05\/logo-konfliktberatung-freiburg.png\",\"width\":272,\"height\":293,\"caption\":\"Siess & Knobloch GbR\"},\"image\":{\"@id\":\"https:\/\/konfliktberatung-freiburg.de\/en\/#\/schema\/logo\/image\/\"},\"sameAs\":[\"https:\/\/www.facebook.com\/Konfliktberatung.Freiburg\/\"]}]}<\/script>\n<!-- \/ Yoast SEO plugin. -->","yoast_head_json":{"title":"Disclaimer &#8226; Konfliktberatung Freiburg","robots":{"index":"index","follow":"follow","max-snippet":"max-snippet:-1","max-image-preview":"max-image-preview:large","max-video-preview":"max-video-preview:-1"},"canonical":"https:\/\/konfliktberatung-freiburg.de\/en\/disclaimer\/","og_locale":"en_US","og_type":"article","og_title":"Disclaimer &#8226; Konfliktberatung Freiburg","og_url":"https:\/\/konfliktberatung-freiburg.de\/en\/disclaimer\/","og_site_name":"Konfliktberatung Freiburg","article_publisher":"https:\/\/www.facebook.com\/Konfliktberatung.Freiburg\/","article_modified_time":"2021-06-09T15:59:47+00:00","twitter_card":"summary_large_image","twitter_misc":{"Est. reading time":"2 minutes"},"schema":{"@context":"https:\/\/schema.org","@graph":[{"@type":"WebPage","@id":"https:\/\/konfliktberatung-freiburg.de\/en\/disclaimer\/","url":"https:\/\/konfliktberatung-freiburg.de\/en\/disclaimer\/","name":"Disclaimer &#8226; Konfliktberatung Freiburg","isPartOf":{"@id":"https:\/\/konfliktberatung-freiburg.de\/en\/#website"},"datePublished":"2018-05-22T14:49:26+00:00","dateModified":"2021-06-09T15:59:47+00:00","breadcrumb":{"@id":"https:\/\/konfliktberatung-freiburg.de\/en\/disclaimer\/#breadcrumb"},"inLanguage":"en-US","potentialAction":[{"@type":"ReadAction","target":["https:\/\/konfliktberatung-freiburg.de\/en\/disclaimer\/"]}]},{"@type":"BreadcrumbList","@id":"https:\/\/konfliktberatung-freiburg.de\/en\/disclaimer\/#breadcrumb","itemListElement":[{"@type":"ListItem","position":1,"name":"Startseite","item":"https:\/\/konfliktberatung-freiburg.de\/en\/"},{"@type":"ListItem","position":2,"name":"Disclaimer"}]},{"@type":"WebSite","@id":"https:\/\/konfliktberatung-freiburg.de\/en\/#website","url":"https:\/\/konfliktberatung-freiburg.de\/en\/","name":"Konfliktberatung Freiburg","description":"Mediation f\u00fcr Freiburg und S\u00fcdbaden","publisher":{"@id":"https:\/\/konfliktberatung-freiburg.de\/en\/#organization"},"potentialAction":[{"@type":"SearchAction","target":{"@type":"EntryPoint","urlTemplate":"https:\/\/konfliktberatung-freiburg.de\/en\/?s={search_term_string}"},"query-input":{"@type":"PropertyValueSpecification","valueRequired":true,"valueName":"search_term_string"}}],"inLanguage":"en-US"},{"@type":"Organization","@id":"https:\/\/konfliktberatung-freiburg.de\/en\/#organization","name":"Siess & Knobloch GbR","url":"https:\/\/konfliktberatung-freiburg.de\/en\/","logo":{"@type":"ImageObject","inLanguage":"en-US","@id":"https:\/\/konfliktberatung-freiburg.de\/en\/#\/schema\/logo\/image\/","url":"https:\/\/konfliktberatung-freiburg.de\/wp-content\/uploads\/2018\/05\/logo-konfliktberatung-freiburg.png","contentUrl":"https:\/\/konfliktberatung-freiburg.de\/wp-content\/uploads\/2018\/05\/logo-konfliktberatung-freiburg.png","width":272,"height":293,"caption":"Siess & Knobloch GbR"},"image":{"@id":"https:\/\/konfliktberatung-freiburg.de\/en\/#\/schema\/logo\/image\/"},"sameAs":["https:\/\/www.facebook.com\/Konfliktberatung.Freiburg\/"]}]}},"_links":{"self":[{"href":"https:\/\/konfliktberatung-freiburg.de\/en\/wp-json\/wp\/v2\/pages\/1602","targetHints":{"allow":["GET"]}}],"collection":[{"href":"https:\/\/konfliktberatung-freiburg.de\/en\/wp-json\/wp\/v2\/pages"}],"about":[{"href":"https:\/\/konfliktberatung-freiburg.de\/en\/wp-json\/wp\/v2\/types\/page"}],"author":[{"embeddable":true,"href":"https:\/\/konfliktberatung-freiburg.de\/en\/wp-json\/wp\/v2\/users\/1"}],"replies":[{"embeddable":true,"href":"https:\/\/konfliktberatung-freiburg.de\/en\/wp-json\/wp\/v2\/comments?post=1602"}],"version-history":[{"count":2,"href":"https:\/\/konfliktberatung-freiburg.de\/en\/wp-json\/wp\/v2\/pages\/1602\/revisions"}],"predecessor-version":[{"id":1612,"href":"https:\/\/konfliktberatung-freiburg.de\/en\/wp-json\/wp\/v2\/pages\/1602\/revisions\/1612"}],"wp:attachment":[{"href":"https:\/\/konfliktberatung-freiburg.de\/en\/wp-json\/wp\/v2\/media?parent=1602"}],"curies":[{"name":"wp","href":"https:\/\/api.w.org\/{rel}","templated":true}]}}